{"id":4505,"date":"2019-10-29T15:15:37","date_gmt":"2019-10-29T13:15:37","guid":{"rendered":"https:\/\/areas.com\/politica-de-cookies\/"},"modified":"2023-06-13T09:53:16","modified_gmt":"2023-06-13T07:53:16","slug":"cookies-policy","status":"publish","type":"page","link":"https:\/\/areas.com\/en\/cookies-policy\/","title":{"rendered":"Cookies policy"},"content":{"rendered":"<div class=\"container\">\n<h1 class=\"text-center\">Cookies policy<\/h1>\n<p>&nbsp;<\/p>\n<h5>\u00bfQu\u00e9 es una cookie?<\/h5>\n<p>Las cookies son peque\u00f1as cantidades de informaci\u00f3n que se almacenan en el navegador utilizado por cada usuario (en adelante, el \u00abUsuario\u00bb o los \u00abUsuarios\u00bb) para que el servidor recuerde cierta informaci\u00f3n que posteriormente \u00fanicamente el servidor que la implement\u00f3 leer\u00e1. Las cookies tienen, generalmente, una duraci\u00f3n limitada en el tiempo.<\/p>\n<p>Las cookies permiten a los visitantes de la presente p\u00e1gina web<a href=\"areas.com\/\">areas.com\/<\/a> (en adelante, la \u00abP\u00e1gina\u00a0Web\u00bb), entre otras cosas, almacenar y retener informaci\u00f3n sobre los h\u00e1bitos de navegaci\u00f3n de los Usuarios que accedan a la P\u00e1gina Web o de sus dispositivos y, dependiendo de la informaci\u00f3n en ellos contenida y del uso que est\u00e9n haciendo de los dispositivos, pueden ser utilizadas para reconocer al Usuario.<br \/>\n&nbsp;<\/p>\n<h5>\u00bfQu\u00e9 cookies utilizamos?<\/h5>\n<p>La P\u00e1gina Web utiliza <b>cookies propias y de terceros<\/b>.<\/p>\n<ul class=\"list\">\n<li>La P\u00e1gina Web utiliza las siguientes cookies propias:\u00a0<\/li>\n<li><b>Cookies t\u00e9cnicas<\/b> (siempre activadas): Son aqu\u00e9llas que permiten al Usuario la navegaci\u00f3n a trav\u00e9s de una p\u00e1gina web y la utilizaci\u00f3n de las diferentes opciones o servicios que en ella existan como, por ejemplo, controlar el tr\u00e1fico y la comunicaci\u00f3n de datos, identificar la sesi\u00f3n, acceder a partes de acceso restringido, etc.<\/li>\n<li><b>Cookies de personalizaci\u00f3n y publicidad<\/b>: Son aqu\u00e9llas que permiten al Usuario acceder a la P\u00e1gina Web servicio con algunas caracter\u00edsticas de car\u00e1cter general predefinidas, como por ejemplo serian el idioma, el tipo de navegador a trav\u00e9s del cual accede al servicio, la configuraci\u00f3n regional desde donde accede al servicio, etc. Estas cookies tambi\u00e9n se utilizan para hacer que los mensajes publicitarios sean m\u00e1s relevantes para los Usuarios y sus intereses.<\/li>\n<li><b>Cookies de an\u00e1lisis<\/b>: Son aqu\u00e9llas que permiten el seguimiento y an\u00e1lisis del comportamiento del usuario. La informaci\u00f3n recogida mediante este tipo de cookies se utiliza en la medici\u00f3n de la actividad de la P\u00e1gina Web y para la elaboraci\u00f3n de perfiles de navegaci\u00f3n de los Usuarios, con el fin de introducir mejoras.<\/li>\n<li>Adem\u00e1s, la P\u00e1gina Web utiliza las siguientes <b>cookies y tecnolog\u00edas de terceros<\/b>, que en funci\u00f3n de su finalidad son las siguientes:<\/li>\n<\/ul>\n<p>&nbsp;<\/p>\n<div class=\"tableContainer\">\n<table>\n<thead>\n<tr class=\"border\">\n<td><b>Finalidad de la cookie<\/b><\/td>\n<td colspan=\"2\"><b>Nombre de la cookie<\/b><\/td>\n<td><b>Descripci\u00f3n<\/b><\/td>\n<td colspan=\"2\"><b>Origen\/Tercero titular<\/b><\/td>\n<td><b>Duraci\u00f3n<\/b><\/td>\n<\/tr>\n<\/thead>\n<tbody class=\"border\">\n<tr>\n<td rowspan=\"3\">Anal\u00edticas<\/td>\n<td colspan=\"2\">_ga<\/td>\n<td>Se usa para distinguir a los usuarios<\/td>\n<td colspan=\"2\">Google Analytics<\/td>\n<td>2 a\u00f1os<\/td>\n<\/tr>\n<tr>\n<td colspan=\"2\">_gid<\/td>\n<td>Se usa para distinguir a los usuarios.<\/td>\n<td colspan=\"2\">Google Analytics<\/td>\n<td>24 horas<\/td>\n<\/tr>\n<tr>\n<td colspan=\"2\">_gat<\/td>\n<td>Se usa para limitar el porcentaje de solicitudes. Si se ha implementado Google Analytics mediante Google Tag Manager, esta cookie se llamar\u00e1 _dc_gtm_.<\/td>\n<td colspan=\"2\">Google Analytics<\/td>\n<td>1 minuto<\/td>\n<\/tr>\n<tr>\n<td rowspan=\"5\">T\u00e9cnicas<\/td>\n<td colspan=\"2\">awe_anon-client-id<\/td>\n<td>Informaci\u00f3n sobre lo que hace el usuario durante una sola sesi\u00f3n. Las cookie se almacenan temporalmente en la memoria y se eliminan autom\u00e1ticamente cuando el navegador se cierra o finaliza la sesi\u00f3n.<\/td>\n<td colspan=\"2\">Areas<\/td>\n<td>Sesi\u00f3n<\/td>\n<\/tr>\n<tr>\n<td colspan=\"2\">awe-cookie-authorization_is-set<\/td>\n<td rowspan=\"4\"><span style=\"font-weight: 400; text-align: center;\">Administraci\u00f3n de las respuestas del usuario a las preferencias de cookies<\/td>\n<td colspan=\"2\" rowspan=\"4\">Areas<\/td>\n<td rowspan=\"4\">30 d\u00edas<\/td>\n<\/tr>\n<tr>\n<td colspan=\"2\">awe-cookie-authorization_perf-track<\/td>\n<\/tr>\n<tr>\n<td colspan=\"2\">awe-cookie-authorization_required<\/td>\n<\/tr>\n<tr>\n<td colspan=\"2\">awe-cookie-authorization_user-pref<\/td>\n<\/tr>\n<tr>\n<td rowspan=\"2\">Otras<\/td>\n<td>ModalShown<\/td>\n<td colspan=\"2\">Pop-up para las preferencia del usuario en cuanto a las cookies<\/td>\n<td>Areas<\/td>\n<td colspan=\"2\">30 d\u00edas<\/td>\n<\/tr>\n<tr>\n<td>IDE<\/td>\n<td colspan=\"2\">Personalizaci\u00f3n de anuncios<\/td>\n<td>doubleclick.net <\/td>\n<td colspan=\"2\">25 d\u00edas<\/td>\n<\/tr>\n<\/tbody>\n<\/table>\n<\/div>\n<p>&nbsp;<\/p>\n<p>Para m\u00e1s informaci\u00f3n sobre las cookies de terceros el Usuario puede visitar:<\/p>\n<ul class=\"list\">\n<li><i><a href=\"https:\/\/developers.google.com\/analytics\/devguides\/collection\/analyticsjs\/cookie-usage\" target=\"_blank\" rel=\"noopener noreferrer\">Google Analytics<\/a><\/i><\/li>\n<li><i><a href=\"https:\/\/policies.google.com\/technologies\/types\" target=\"_blank\" rel=\"noopener noreferrer\">Google<\/a><\/i><\/li>\n<\/ul>\n<p>&nbsp;<\/p>\n<p>Ni esta P\u00e1gina Web ni sus representantes legales se hacen responsables ni del contenido ni de la veracidad de las pol\u00edticas de privacidad que puedan tener los terceros mencionados en esta Pol\u00edtica de Cookies. Los navegadores web son las herramientas encargadas de almacenar las cookies y desde este lugar debe ejercitar los Usuarios su derecho a la eliminaci\u00f3n o desactivaci\u00f3n de las mismas. Ni esta P\u00e1gina Web ni sus representantes legales pueden garantizar la correcta o incorrecta manipulaci\u00f3n de las cookies por parte de dichos navegadores. En algunos casos, resulta necesario instalar cookies para que el navegador no olvide su decisi\u00f3n de no aceptaci\u00f3n de las mismas.<\/p>\n<p>&nbsp;<\/p>\n<h5>\u00bfQui\u00e9n utiliza las cookies?<\/h5>\n<p>La informaci\u00f3n obtenida a trav\u00e9s de las cookies ser\u00e1 recogida y tratada por PAX HOLDCO SPAIN, S.L., con domicilio social en Av. Diagonal 579-587, 08014 de Barcelona y con direcci\u00f3n de correo electr\u00f3nico gdpr-contact@areas.com para la correcta gesti\u00f3n de esta P\u00e1gina Web.<br \/>\n&nbsp;<\/p>\n<h5>\u00bfC\u00f3mo se pueden desactivar las cookies?<\/h5>\n<p>El Usuario puede bloquear o eliminar cookies a trav\u00e9s del explorador de internet, pero si lo hace puede haber alg\u00fan problema al utilizar o cargar la plataforma.<\/p>\n<p>La configuraci\u00f3n del explorador de internet a tal efecto depender\u00e1 del navegador que est\u00e9 utilizando. A continuaci\u00f3n, le facilitamos enlaces a las instrucciones que ofrecen los principales navegadores para eliminar cookies:<\/p>\n<ul class=\"list\">\n<li>Internet Explorer: <a href=\"http:\/\/windows.microsoft.com\/es-ES\/internet-explorer\/delete-manage-cookies#ie=ie-11-win-7\">http:\/\/windows.microsoft.com\/es-ES\/internet-explorer\/delete-manage-cookies#ie=ie-11-win-7<\/a><\/li>\n<li>Firefox: <a href=\"https:\/\/support.mozilla.org\/es\/kb\/Borrar%20cookies\">https:\/\/support.mozilla.org\/es\/kb\/Borrar%20cookies<\/a><\/li>\n<li>Chrome: <a href=\"https:\/\/support.google.com\/chrome\/answer\/95647\">https:\/\/support.google.com\/chrome\/answer\/95647<\/a><\/li>\n<\/ul>\n<p>&nbsp;<\/p>\n<h5>Cambios en la Pol\u00edtica de Cookies<\/h5>\n<p>\u00c1REAS puede modificar esta Pol\u00edtica de Cookies en funci\u00f3n de nuevas exigencias legislativas, reglamentarias, o con la finalidad de adaptar dicha pol\u00edtica a las instrucciones de las autoridades de control en materia de protecci\u00f3n de datos. Cuando se produzcan cambios significativos en esta Pol\u00edtica de Cookies, se comunicar\u00e1n a los Usuarios mediante un aviso informativo en la P\u00e1gina Web. Para cualquier duda o consulta acerca de esta Pol\u00edtica de Cookies, no dude en comunicarse con nosotros envi\u00e1ndonos un email a <a href=\"mailto:gdpr-contact@areas.com\">gdpr-contact@areas.com<\/a>.<\/p>\n<\/div>\n<p>&nbsp;<\/p>\n","protected":false},"excerpt":{"rendered":"<p>Cookies policy &nbsp; \u00bfQu\u00e9 es una cookie? Las cookies son peque\u00f1as cantidades de informaci\u00f3n que se almacenan en el navegador utilizado por cada usuario (en adelante, el \u00abUsuario\u00bb o los \u00abUsu","protected":false},"author":2,"featured_media":0,"parent":0,"menu_order":0,"comment_status":"closed","ping_status":"closed","template":"temaplates\/page-full-width.php","meta":[],"acf":[],"yoast_head":"<!-- This site is optimized with the Yoast SEO plugin v17.6 - https:\/\/yoast.com\/wordpress\/plugins\/seo\/ -->\n<title>Cookies policy - Areas | Worldwide<\/title>\n<meta name=\"robots\" content=\"index, follow, max-snippet:-1, max-image-preview:large, max-video-preview:-1\" \/>\n<link rel=\"canonical\" href=\"https:\/\/areas.com\/en\/cookies-policy\/\" \/>\n<meta property=\"og:locale\" content=\"en_US\" \/>\n<meta property=\"og:type\" content=\"article\" \/>\n<meta property=\"og:title\" content=\"Cookies policy - Areas | Worldwide\" \/>\n<meta property=\"og:description\" content=\"Cookies policy &nbsp; \u00bfQu\u00e9 es una cookie? Las cookies son peque\u00f1as cantidades de informaci\u00f3n que se almacenan en el navegador utilizado por cada usuario (en adelante, el \u00abUsuario\u00bb o los \u00abUsuarios\u00bb) para que el servidor recuerde cierta informaci\u00f3n que posteriormente \u00fanicamente el servidor que la implement\u00f3 leer\u00e1. Las cookies tienen, generalmente, una duraci\u00f3n limitada en[...]\" \/>\n<meta property=\"og:url\" content=\"https:\/\/areas.com\/en\/cookies-policy\/\" \/>\n<meta property=\"og:site_name\" content=\"Areas | Worldwide\" \/>\n<meta property=\"article:modified_time\" content=\"2023-06-13T07:53:16+00:00\" \/>\n<meta name=\"twitter:card\" content=\"summary_large_image\" \/>\n<meta name=\"twitter:label1\" content=\"Est. reading time\" \/>\n\t<meta name=\"twitter:data1\" content=\"5 minutes\" \/>\n<script type=\"application\/ld+json\" class=\"yoast-schema-graph\">{\"@context\":\"https:\/\/schema.org\",\"@graph\":[{\"@type\":\"WebSite\",\"@id\":\"https:\/\/areas.com\/en\/#website\",\"url\":\"https:\/\/areas.com\/en\/\",\"name\":\"Areas | Worldwide\",\"description\":\"Global No.3 in travel catering\",\"potentialAction\":[{\"@type\":\"SearchAction\",\"target\":{\"@type\":\"EntryPoint\",\"urlTemplate\":\"https:\/\/areas.com\/en\/?s={search_term_string}\"},\"query-input\":\"required name=search_term_string\"}],\"inLanguage\":\"en-US\"},{\"@type\":\"WebPage\",\"@id\":\"https:\/\/areas.com\/en\/cookies-policy\/#webpage\",\"url\":\"https:\/\/areas.com\/en\/cookies-policy\/\",\"name\":\"Cookies policy - Areas | Worldwide\",\"isPartOf\":{\"@id\":\"https:\/\/areas.com\/en\/#website\"},\"datePublished\":\"2019-10-29T13:15:37+00:00\",\"dateModified\":\"2023-06-13T07:53:16+00:00\",\"breadcrumb\":{\"@id\":\"https:\/\/areas.com\/en\/cookies-policy\/#breadcrumb\"},\"inLanguage\":\"en-US\",\"potentialAction\":[{\"@type\":\"ReadAction\",\"target\":[\"https:\/\/areas.com\/en\/cookies-policy\/\"]}]},{\"@type\":\"BreadcrumbList\",\"@id\":\"https:\/\/areas.com\/en\/cookies-policy\/#breadcrumb\",\"itemListElement\":[{\"@type\":\"ListItem\",\"position\":1,\"name\":\"Home\",\"item\":\"https:\/\/areas.com\/en\/\"},{\"@type\":\"ListItem\",\"position\":2,\"name\":\"Cookies policy\"}]}]}<\/script>\n<!-- \/ Yoast SEO plugin. -->","yoast_head_json":{"title":"Cookies policy - Areas | Worldwide","robots":{"index":"index","follow":"follow","max-snippet":"max-snippet:-1","max-image-preview":"max-image-preview:large","max-video-preview":"max-video-preview:-1"},"canonical":"https:\/\/areas.com\/en\/cookies-policy\/","og_locale":"en_US","og_type":"article","og_title":"Cookies policy - Areas | Worldwide","og_description":"Cookies policy &nbsp; \u00bfQu\u00e9 es una cookie? Las cookies son peque\u00f1as cantidades de informaci\u00f3n que se almacenan en el navegador utilizado por cada usuario (en adelante, el \u00abUsuario\u00bb o los \u00abUsuarios\u00bb) para que el servidor recuerde cierta informaci\u00f3n que posteriormente \u00fanicamente el servidor que la implement\u00f3 leer\u00e1. Las cookies tienen, generalmente, una duraci\u00f3n limitada en[...]","og_url":"https:\/\/areas.com\/en\/cookies-policy\/","og_site_name":"Areas | Worldwide","article_modified_time":"2023-06-13T07:53:16+00:00","twitter_card":"summary_large_image","twitter_misc":{"Est. reading time":"5 minutes"},"schema":{"@context":"https:\/\/schema.org","@graph":[{"@type":"WebSite","@id":"https:\/\/areas.com\/en\/#website","url":"https:\/\/areas.com\/en\/","name":"Areas | Worldwide","description":"Global No.3 in travel catering","potentialAction":[{"@type":"SearchAction","target":{"@type":"EntryPoint","urlTemplate":"https:\/\/areas.com\/en\/?s={search_term_string}"},"query-input":"required name=search_term_string"}],"inLanguage":"en-US"},{"@type":"WebPage","@id":"https:\/\/areas.com\/en\/cookies-policy\/#webpage","url":"https:\/\/areas.com\/en\/cookies-policy\/","name":"Cookies policy - Areas | Worldwide","isPartOf":{"@id":"https:\/\/areas.com\/en\/#website"},"datePublished":"2019-10-29T13:15:37+00:00","dateModified":"2023-06-13T07:53:16+00:00","breadcrumb":{"@id":"https:\/\/areas.com\/en\/cookies-policy\/#breadcrumb"},"inLanguage":"en-US","potentialAction":[{"@type":"ReadAction","target":["https:\/\/areas.com\/en\/cookies-policy\/"]}]},{"@type":"BreadcrumbList","@id":"https:\/\/areas.com\/en\/cookies-policy\/#breadcrumb","itemListElement":[{"@type":"ListItem","position":1,"name":"Home","item":"https:\/\/areas.com\/en\/"},{"@type":"ListItem","position":2,"name":"Cookies policy"}]}]}},"_links":{"self":[{"href":"https:\/\/areas.com\/en\/wp-json\/wp\/v2\/pages\/4505"}],"collection":[{"href":"https:\/\/areas.com\/en\/wp-json\/wp\/v2\/pages"}],"about":[{"href":"https:\/\/areas.com\/en\/wp-json\/wp\/v2\/types\/page"}],"author":[{"embeddable":true,"href":"https:\/\/areas.com\/en\/wp-json\/wp\/v2\/users\/2"}],"replies":[{"embeddable":true,"href":"https:\/\/areas.com\/en\/wp-json\/wp\/v2\/comments?post=4505"}],"version-history":[{"count":12,"href":"https:\/\/areas.com\/en\/wp-json\/wp\/v2\/pages\/4505\/revisions"}],"predecessor-version":[{"id":6693,"href":"https:\/\/areas.com\/en\/wp-json\/wp\/v2\/pages\/4505\/revisions\/6693"}],"wp:attachment":[{"href":"https:\/\/areas.com\/en\/wp-json\/wp\/v2\/media?parent=4505"}],"curies":[{"name":"wp","href":"https:\/\/api.w.org\/{rel}","templated":true}]}}